{"id":154,"date":"2015-07-16T09:12:44","date_gmt":"2015-07-16T09:12:44","guid":{"rendered":"http:\/\/test.kriesi.at\/minimal-portfolio\/?page_id=154"},"modified":"2025-05-05T16:59:08","modified_gmt":"2025-05-05T19:59:08","slug":"about","status":"publish","type":"page","link":"https:\/\/cambioslyon.cl\/w25\/about\/","title":{"rendered":"somos"},"content":{"rendered":"<p>Aunque principalmente nos enfocamos en el Cambio de Divisas de la mayor\u00eda de los pa\u00edses, siendo el Dolar y el Euro los de mayor cuant\u00eda tenemos distintas unidades de negocios que nos permiten invertir y asesorar en la inversi\u00f3n de capitales.<\/p>\n<p>Asesor\u00eda, respaldo y atenci\u00f3n personalizada para empresas ha sido desde siempre uno de nuestros objetivos.<\/p>\n<p>Distintas sucursales ud. puede elegir la de preferencia, con horarios c\u00f3modos a su necesidad.<\/p>\n<ul>\n<li>Atenci\u00f3n Personalizada.<\/li>\n<li>Los mejores precios del mercado.<\/li>\n<li>Seguridad y Confianza.<\/li>\n<\/ul>\n<p>&nbsp;<\/p>\n","protected":false},"excerpt":{"rendered":"<p>Aunque principalmente nos enfocamos en el Cambio de Divisas de la mayor\u00eda de los pa\u00edses, siendo el Dolar y el Euro los de mayor cuant\u00eda tenemos distintas unidades de negocios que nos permiten invertir y asesorar en la inversi\u00f3n de capitales. Asesor\u00eda, respaldo y atenci\u00f3n personalizada para empresas ha sido desde siempre uno de nuestros\u2026 <span class=\"read-more\"><a href=\"https:\/\/cambioslyon.cl\/w25\/about\/\">Leer m\u00e1s &raquo;<\/a><\/span><\/p>\n","protected":false},"author":1,"featured_media":0,"parent":0,"menu_order":0,"comment_status":"open","ping_status":"open","template":"","meta":{"footnotes":""},"class_list":["post-154","page","type-page","status-publish","hentry"],"_links":{"self":[{"href":"https:\/\/cambioslyon.cl\/w25\/wp-json\/wp\/v2\/pages\/154","targetHints":{"allow":["GET"]}}],"collection":[{"href":"https:\/\/cambioslyon.cl\/w25\/wp-json\/wp\/v2\/pages"}],"about":[{"href":"https:\/\/cambioslyon.cl\/w25\/wp-json\/wp\/v2\/types\/page"}],"author":[{"embeddable":true,"href":"https:\/\/cambioslyon.cl\/w25\/wp-json\/wp\/v2\/users\/1"}],"replies":[{"embeddable":true,"href":"https:\/\/cambioslyon.cl\/w25\/wp-json\/wp\/v2\/comments?post=154"}],"version-history":[{"count":8,"href":"https:\/\/cambioslyon.cl\/w25\/wp-json\/wp\/v2\/pages\/154\/revisions"}],"predecessor-version":[{"id":869,"href":"https:\/\/cambioslyon.cl\/w25\/wp-json\/wp\/v2\/pages\/154\/revisions\/869"}],"wp:attachment":[{"href":"https:\/\/cambioslyon.cl\/w25\/wp-json\/wp\/v2\/media?parent=154"}],"curies":[{"name":"wp","href":"https:\/\/api.w.org\/{rel}","templated":true}]}}